{"id":1546,"date":"2022-11-02T08:50:56","date_gmt":"2022-11-02T07:50:56","guid":{"rendered":"https:\/\/noguecar.com\/?page_id=1546"},"modified":"2022-11-02T08:50:56","modified_gmt":"2022-11-02T07:50:56","slug":"tourist-attractions","status":"publish","type":"page","link":"https:\/\/noguecar.com\/en\/tourist-attractions\/","title":{"rendered":"Tourist Attractions"},"content":{"rendered":"<div class=\"wpb-content-wrapper\"><p>[vc_row][vc_column width=&#8221;1\/6&#8243;][\/vc_column][vc_column width=&#8221;2\/3&#8243;][vc_tta_accordion style=&#8221;flat&#8221; color=&#8221;white&#8221; active_section=&#8221;1&#8243; no_fill=&#8221;true&#8221; collapsible_all=&#8221;true&#8221;][vc_tta_section title=&#8221;MONTSERRAT&#8221; tab_id=&#8221;1568671234349-b5267463-3298&#8243;][vc_column_text]<\/p>\n<p class=\"p1\"><span class=\"s1\">The monastery of Santa Mar\u00eda de Montserrat is a Benedictine abbey located on the mountain of Montserrat, belonging to the region of Bages, province of Barcelona, at a height of 720 meters above sea level. Administratively it belongs to the municipality of Monistrol de Montserrat, although some of its adjacent lands enter the municipality of Collbat\u00f3. It is a symbol for Catalonia and has become a pilgrimage point for believers and a must for tourists. The legend places the discovery of the image of the Virgin of Montserrat around the year 880. Then the cult to the Moreneta began. However, the origin of the monastery is uncertain: it is known that, around 1011, a monk from the monastery of Santa Mar\u00eda de Ripoll came to the mountain to take charge of the monastery of Saint Cecilia, leaving the monastery under the orders of Abbot Oliba of Ripoll.<\/span><\/p>\n<p class=\"p1\"><strong><span class=\"s1\">Distance from Sitges:<br \/>\n<\/span><\/strong>73 kms \/ 1 hour 5 min<br \/>\n0,00 \u20ac in tolls by C-15;<br \/>\n76 kms \/ 1 hour 10 min<br \/>\n6,95 \u20ac in tolls by C-32\/B-23\/B-40;<\/p>\n<p class=\"p1\"><strong>Monastery parking:<\/strong><br \/>\n6,5 \u20ac per day per car<\/p>\n<p>[\/vc_column_text][vc_single_image image=&#8221;1068&#8243; img_size=&#8221;1419&#215;892&#8243;][vc_column_text]<\/p>\n<p class=\"p1\"><span class=\"s1\"><b>A natural park where the patron saint of Catalonia is worshipped <\/b><\/span><\/p>\n<p class=\"p1\"><span class=\"s1\">In the heart of Catalonia stands a mountain of unique shapes and moles of grey stones, a spectacular massif that on its summit houses the image of the Virgin of Montserrat, patroness of Catalonia. In this natural park, full of pines and holm oaks, and populated by squirrels, wild boars and gynecologists, among other species, there are numerous itineraries and guided tours in which to know its nooks and crannies. At its summit, stands the majestic Sanctuary in which the Moreneta is venerated, the carving of the virgin, of Romanesque style, dating from the twelfth century. The architectural complex consists of several squares and the basilica, originally from the 16th century and rebuilt during the 19th century. There is also a guest house for pilgrims and visitors. <\/span><\/p>\n<p class=\"p1\"><span class=\"s1\">Nearby is the Benedictine Monastery, with its beautiful chapter house, the Neo-romanesque cloister and the refectory, renovated in 1925 by the architect Puig i Cadafalch. The Museum also houses works by artists such as Picasso, Dal\u00ed and El Greco. You can also visit the New Audiovisual Space and the Open Air Museum, which, through an audioguide, takes the visitor to discover modernist sculptures or the Santa Cova (chapel attached to the rock in which it is told the image of the Virgin was found)<\/span><\/p>\n<p>[\/vc_column_text][\/vc_tta_section][vc_tta_section title=&#8221;PORTAVENTURA&#8221; tab_id=&#8221;1568671234350-82e1c390-9be4&#8243;][vc_column_text]<\/p>\n<p class=\"p1\"><span class=\"s1\">Portaventura World is a leisure complex, located in the municipalities of Vilaseca and Salou in Spain. With 4.7 million visitors during 2017, it is one of the main attractions of the Costa Dorada, with Portaventura Park, the most visited theme park in Spain and the sixth in Europe. It also has a water park, the Caribbean Coast, and Ferrariland, an exclusive space for motor lovers.<\/span><\/p>\n<p><a href=\"http:\/\/www.portaventura.es\" target=\"_blank\" rel=\"noopener noreferrer\">www.portaventura.es<\/a><\/p>\n<p><strong>Distance from Sitges:<br \/>\n<\/strong>73 kms \/ 50 min<br \/>\n6,05 \u20ac in tolls by C-32 y A-7<br \/>\n80 kms \/ 55 min<br \/>\n9,24 \u20ac in tolls by C-32 y AP-7[\/vc_column_text][vc_single_image image=&#8221;1072&#8243; img_size=&#8221;1419&#215;892&#8243;][vc_column_text]<\/p>\n<p class=\"p1\"><strong><span class=\"s1\">Universal Studios Port Aventura is located in the heart of the Costa Daurada of Tarragona. It includes the first theme park in Europe dedicated to Ferrari, icon of speed, next to a water park, a wellness center and several golf courses. <\/span><\/strong><\/p>\n<p class=\"p1\"><span class=\"s1\">In addition to excellent golden beaches and fine sand, the Costa Daurada offers the facilities of Port Aventura Park. A trip full of adventures and fun through its different thematic areas: Mexico, Far West, Mediterr\u00e0nia, Polynesia, China and the area for the whole family Sesame Adventure, in which we will find live shows and countless attractions, such as the iconic Dragon-Khan. Port Aventura offers the most refreshing fun in its Caribbean Coast resort, which includes various water attractions, playgrounds and recreational areas. When it comes to recharge, the complex has numerous restaurants and has excellent hotels with all kinds of amenities and services.<\/span><\/p>\n<p>[\/vc_column_text][\/vc_tta_section][vc_tta_section title=&#8221;BARCELONA&#8221; tab_id=&#8221;1568671703302-b072499e-79a8&#8243;][vc_column_text]<\/p>\n<p class=\"p1\"><span class=\"s1\">Barcelona, capital of Catalonia, is a Mediterranean and cosmopolitan city that integrates in its urban layout Roman remains, medieval districts and the most beautiful examples of Modernism and the avant-gardes of the 20th century. It is not for nothing that UNESCO has declared <b>World Heritage Sites<\/b> some of the emblematic constructions by the Catalan architects Antoni Gaud\u00ed and Llu\u00eds Dom\u00e9nech i Montaner. <\/span><\/p>\n<p class=\"p1\"><span class=\"s1\">Of Roman origin, its long history and economic dynamism have provided Barcelona with an impressive cultural knowledge, clearly evident in the conservation of its rich historical-artistic heritage and in the promotion of the most innovative artistic trends. A wide cultural agenda will lead the visitor to museums, exhibitions, outdoor sculptures&#8230; and to a rich programming of music, theatre and dance.<\/span><\/p>\n<p><a href=\"http:\/\/www.barcelonaturisme.com\" target=\"_blank\" rel=\"noopener noreferrer\">www.barcelonaturisme.com<\/a><\/p>\n<p><strong>Distance from Sitges:<br \/>\n<\/strong>45 kms \/ 1 hour 5 min<br \/>\n0,00 \u20ac in tolls by C-31<br \/>\n42 kms \/ 45 min<br \/>\n6,95 \u20ac in tolls by C-32[\/vc_column_text][vc_single_image image=&#8221;1060&#8243; img_size=&#8221;1419&#215;1284&#8243;][vc_column_text]<\/p>\n<p class=\"p1\"><span class=\"s1\">Located on the shores of the Mediterranean, Barcelona is a cosmopolitan city of great cultural, commercial, financial and tourist importance. Barcelona is one of the most visited European cities, both for tourists wishing to visit the capital, and for those attending congresses, meetings and all kinds of exhibitions held in the city. <\/span><\/p>\n<p class=\"p1\"><span class=\"s1\">Barcelona has an impressive cultural offer, with some interesting museums such as the Joan Mir\u00f3 Foundation or the Picasso Museum, Although where the art that surrounds the city is really appreciated is walking through its streets full of charm. The famous Sagrada Familia or the amazing Park G\u00fcell are some of the brands with which Antonio Gaud\u00ed decorated the city in a spectacular way. <\/span><\/p>\n<p class=\"p2\"><span class=\"s1\">But Barcelona is not only art, but also has sunny beaches combined with a suggestive gastronomic offer.<\/span><\/p>\n<p>[\/vc_column_text][\/vc_tta_section][vc_tta_section title=&#8221;TARRAGONA&#8221; tab_id=&#8221;1568671848310-7609265f-de99&#8243;][vc_column_text]<\/p>\n<p class=\"p1\"><span class=\"s1\">On the shores of the Mediterranean, in the heart of the Costa Daurada, ancient Roman Tarraco offers us an important monumental legacy among extensive beaches. Its archaeological site, a World Heritage Site, is one of the points of interest of this Catalan city. From here you can make countless excursions, such as the one that will take the visitor to visit one of the best preserved Cistercian monasteries and also declared a World Heritage Site: the monastery of Poblet. A cultural proposal that adds to the one that makes possible a coastline on the shores of the Mediterranean Sea: seaside villas, tasty fish and seafood, and countless water sports.<\/span><\/p>\n<p><a href=\"http:\/\/www.tarragonaturisme.cat\/es\" target=\"_blank\" rel=\"noopener noreferrer\">www.tarragonaturisme.cat<\/a><\/p>\n<p><strong>Distance from Sitges:<br \/>\n<\/strong>62 kms \/ 45 min<br \/>\n7,79 \u20ac in tolls by C-32 y AP-7[\/vc_column_text][vc_single_image image=&#8221;1074&#8243; img_size=&#8221;1419&#215;1187&#8243;][\/vc_tta_section][vc_tta_section title=&#8221;GIRONA&#8221; tab_id=&#8221;1568672030883-13bada55-90ae&#8221;][vc_column_text]<\/p>\n<p class=\"p1\"><span class=\"s1\">The so-called &#8220;City of the Four Rivers&#8221; shows us a historic quarter dominated by medieval constructions and Roman, Arab and Hebrew reminiscences. It is in the walled enclosure of the For\u00e7a Vella where the culminating works of its historical development are given. Its privileged location between the Pyrenean Mountain Range and the Costa Brava makes possible a multitude of excursions to both localities and natural areas worth mentioning. In all these places the traveler will have the opportunity to approach the regional gastronomy that combines in its recipes products of the sea and the mountain.<\/span><\/p>\n<p><a href=\"http:\/\/www.girona.cat\/turisme\/esp\/\" target=\"_blank\" rel=\"noopener noreferrer\">http:\/\/www.girona.cat<\/a><\/p>\n<p><strong>Distance from Sitges:<br \/>\n<\/strong>160 kms \/ 1 hour 50 min<br \/>\n11,30 \u20ac in tolls by AP-7[\/vc_column_text][vc_single_image image=&#8221;1066&#8243; img_size=&#8221;1419&#215;998&#8243;][\/vc_tta_section][vc_tta_section title=&#8221;CADAQU\u00c9S&#8221; tab_id=&#8221;1568672202850-01c7b5d6-2577&#8243;][vc_column_text]<\/p>\n<p class=\"p1\"><span class=\"s1\">Located in the peninsula of Cabo de Creus, Cadaqu\u00e9s is one of the most emblematic towns on the Costa Brava of Girona. Its rocky coastline, covered by beautiful beaches and secluded coves, is one of its main attractions, as well as the incredible landscape of the Cap de Creus Natural Park. <\/span><\/p>\n<p class=\"p1\"><span class=\"s1\">At the bottom of the bay of Cadaqu\u00e9s is its historic quarter, with Mediterranean air and deep marine flavor. A source of inspiration for painters and artists of international renown for decades, this nucleus now enjoys an intense cultural life, attested by its numerous museums and art galleries, among which the Salvador Dal\u00ed House-Museum stands out.<\/span><\/p>\n<p class=\"p1\"><span class=\"s1\">Cadaqu\u00e9s will be the ideal starting point to discover the rest of the Alt Empord\u00e0 region, full of historical localities, unusual natural spaces and abundant archaeological sites.<\/span><\/p>\n<p><a href=\"http:\/\/www.visitcadaques.org\" target=\"_blank\" rel=\"noopener noreferrer\">www.visitcadaques.org<\/a><\/p>\n<p><strong>Distance from Sitges:<br \/>\n<\/strong>230 kms \/ 2 hours 35 min<br \/>\n15,30 \u20ac in tolls by AP-7 y GI-614[\/vc_column_text][vc_single_image image=&#8221;1062&#8243; img_size=&#8221;1419&#215;737&#8243;][vc_column_text]<\/p>\n<p class=\"p1\"><span class=\"s1\">For most cadaquesencs is special, but for those who are not cadaquesenc is more than special, for many it is an island and for others it is distant, for those who live all year round is part of their life and for those who come on holiday is like home&#8230; many are the sensations, experiences and values that Cadaqu\u00e9s offers.<\/span><\/p>\n<p class=\"p1\"><span class=\"s1\">With a population of almost 3,000 inhabitants, its economy is based on tourism, an activity that year after year consolidates as the main economic engine of the town. <\/span><\/p>\n<p class=\"p1\"><span class=\"s1\">If you want to know streets, coves and corners of Cadaqu\u00e9s, you just have to get into this website and navigate to know what to visit, we will seduce you.<\/span><\/p>\n<p>[\/vc_column_text][\/vc_tta_section][vc_tta_section title=&#8221;ANDORRA&#8221; tab_id=&#8221;1568672363224-7e22bfc8-f7cf&#8221;][vc_column_text]<\/p>\n<p class=\"p1\"><span class=\"s1\">Andorra is a small state with more than a thousand years of history. Visit the Romanesque churches, museums and wineries of the microproductors of wine. You can have fun all year round in the leisure centres and enjoy sports and cultural events. Enjoy mountain and adventure activities, winter sports, shopping, thermoludism and wellness, local cuisine and entertainment. Skiing, hiking, cycling, mountain biking, climbing, canyoning, horse riding, etc<\/span><\/p>\n<p><a href=\"http:\/\/www.visitandorra.com\" target=\"_blank\" rel=\"noopener noreferrer\">www.visitandorra.com<\/a><\/p>\n<p><strong>Distance from Sitges:<br \/>\n<\/strong>200 kms \/ 2 hours 40 min<br \/>\n0,00 \u20ac in tolls by C-15 y C-14<br \/>\n220 kms \/ 2 hours 50 min<br \/>\n19,03 \u20ac in tolls by C-32 y N-260 (Cad\u00ed)[\/vc_column_text][vc_single_image image=&#8221;1054&#8243; img_size=&#8221;1419&#215;1284&#8243;][\/vc_tta_section][vc_tta_section title=&#8221;AQUALEON PARK&#8221; tab_id=&#8221;1568672467543-a01d4aa2-9b78&#8243;][vc_column_text]<\/p>\n<p class=\"p1\"><span class=\"s1\">Aquale\u00f3n, in the Finca Les Basses in Albinyana (Tarragona), offers the opportunity to enjoy an extraordinary place in the region of Baix Pened\u00e9s. Divided into four zones (Chill Out &amp; Play, Family Fun, Kidzworld and Adrenaline Fun), the park has all kinds of attractions, from those specially designed for children, to the most dizzying ones for those who dare with everything. In the children\u2019s area there is a mini park inside the water and adapted slides. In the rest of the enclosure we find classics such as the Black Hole, the Kamikaze or the Rapids, as well as the Toboloko, the Anaconda and the Crazy Race.<\/span><\/p>\n<p><a href=\"http:\/\/www.aqualeon.es\" target=\"_blank\" rel=\"noopener noreferrer\">www.aqualeon.es<\/a><\/p>\n<p><strong>Distance from Sitges:<br \/>\n<\/strong>40 kms \/ 40 min<br \/>\n4,15 \u20ac in tolls by C-32[\/vc_column_text][vc_single_image image=&#8221;1078&#8243; img_size=&#8221;1419&#215;542&#8243;][\/vc_tta_section][vc_tta_section title=&#8221;AQU\u00d3POLIS LA PINEDA&#8221; tab_id=&#8221;1568673947975-19fdef24-7784&#8243;][vc_column_text]<\/p>\n<p class=\"p1\"><span class=\"s1\">Aquatic park and dolphinarium of La Pineda (Tarragona) next to Salou with Hawaiian theming for children and adults.<\/span><\/p>\n<p><a href=\"https:\/\/costa-dorada.aquopolis.es\/\" target=\"_blank\" rel=\"noopener noreferrer\">https:\/\/costa-dorada.aquopolis.es\/<\/a><\/p>\n<p><strong>Distance from Sitges:<br \/>\n<\/strong>73 kms \/ 50 min<br \/>\n6,05 \u20ac in tolls by C-32 y A-7<br \/>\n80 kms \/ 55 min<br \/>\n9,24 \u20ac in tolls by C-32 y AP-7[\/vc_column_text][vc_single_image image=&#8221;1058&#8243; img_size=&#8221;1419&#215;874&#8243;][\/vc_tta_section][vc_tta_section title=&#8221;DELTA DE L\u2019EBRE&#8221; tab_id=&#8221;1568674031094-3593bbf7-cdbe&#8221;][vc_column_text]<\/p>\n<p class=\"p1\"><span class=\"s1\"><b>It has been distinguished by the European Commission as a European destination of excellence (EDEN), in recognition of its sustainable tourism proposal. <\/b><\/span><\/p>\n<p class=\"p1\"><span class=\"s1\">The area of this natural space, located in Tarragona, is 320 square kilometers, of which 80 make up the Ebro Delta Natural Park. It stands out its ornithological richness, which gives it international relevance with more than 400 species and some of the most important colonies breeding seabirds in the Mediterranean. The plains give the Ebro Delta a unique landscape that varies according to the season. They can be found from horticultural and fruit growing areas to rice fields. However, in the coastal part there are large lagoons surrounded by reeds and reeds.<\/span> <span class=\"s1\">The periphery of this Natural Park is characterized by its saline soils, and large and deserted sandy beaches with dunes.<\/span><\/p>\n<p><a href=\"http:\/\/www.ebre.com\/es\/parque-natural-del-delta-del-ebro\/\" target=\"_blank\" rel=\"noopener noreferrer\">http:\/\/www.ebre.com<\/a><\/p>\n<p><strong>Distance from Sitges:<br \/>\n<\/strong>140 kms \/ 1 hour 35 min<br \/>\n15,14 \u20ac in tolls by C-32 y AP-7[\/vc_column_text][vc_single_image image=&#8221;1064&#8243; img_size=&#8221;1419&#215;966&#8243;][\/vc_tta_section][vc_tta_section title=&#8221;VALENCIA&#8221; tab_id=&#8221;1568674150730-787be19f-e770&#8243;][vc_column_text]<\/p>\n<p class=\"p1\"><span class=\"s1\">Valencia can be a city of topics: light, moon, gunpowder, paella, flowers, faults. They are keys to trying to explain what, in reality, cannot be counted with words. It is necessary to visit and get to know Valencia to see that centuries-old traditions coexist alongside modernity. That the sea and the city are compatible. That the green of the orchard can be kept next to a modern urban plot. That, day and night, Valencia is unique. Now, the capital of the Turia, is more. In addition to the countless attractions that the city has had for centuries, there are a number of striking infrastructures such as the Ciutat de les Arts i les Ci\u00e8ncies, which, as could not be otherwise in this enclave, are linked to culture.<\/span><\/p>\n<p class=\"p1\"><span class=\"s1\">Valencia was founded by the Romans as a colony in 138 BC. Being consul Tenth June Gross Galaico, and was called <i>Valentia Edetanorum<\/i>. Several centuries later, in the year 711, the Muslims occupied the city contributing their language, religion and customs, such as the establishment of irrigation systems and the introduction of new crops. In 1238 the Christian king James I of Aragon reconquered the city, and divided the lands among the nobles who helped him to conquer it, as attested in the <i>Llibre del Repartiment<\/i>, as well as created a new law for the city, the Fueros de Valencia The city is located on the banks of the river Turia, on the Levantine coast of the Iberian peninsula, right in the center of the Gulf of Valencia, although at the time the Romans founded it, it was on a river island of the Turia, about four kilometers away from the sea. About ten kilometers south of the city is the Albufera de Valencia.<\/span><\/p>\n<p><a href=\"http:\/\/www.visitvalencia.com\" target=\"_blank\" rel=\"noopener noreferrer\">www.visitvalencia.com<\/a><\/p>\n<p><strong>Distance from Sitges:<br \/>\n<\/strong>315 kms \/ 3 hours 10 min<br \/>\n32,65 \u20ac in tolls by C-32 y AP-7[\/vc_column_text][vc_single_image image=&#8221;1076&#8243; img_size=&#8221;1419&#215;886&#8243;][vc_column_text]<\/p>\n<p class=\"p1\"><span class=\"s1\">Few cities like Valencia are able to harmoniously coexist the remains of its most remote past, dating back to 138 BC, with the most innovative and avant-garde buildings that rise in the new millennium. Valencia is commerce and culture, cinema, theatre, museums, music, business. It is a centre of international design and avant-garde, and one of the most active cities at fairs and congresses in Europe. Due to its geographical location, Valencia has historically been Spain\u2019s gateway to the Mediterranean, and has the special charm of the cities that are seaport. In addition, the fine sand and clean water, the amplitude of the open sea and the proximity of the coastal mountains give the Valencian coast a singular attraction.<\/span><\/p>\n<p>[\/vc_column_text][\/vc_tta_section][\/vc_tta_accordion][\/vc_column][vc_column width=&#8221;1\/6&#8243;][\/vc_column][\/vc_row]<\/p>\n<\/div>","protected":false},"excerpt":{"rendered":"<p>[vc_row][vc_column width=&#8221;1\/6&#8243;][\/vc_column][vc_column width=&#8221;2\/3&#8243;][vc_tta_accordion style=&#8221;flat&#8221; color=&#8221;white&#8221; active_section=&#8221;1&#8243; no_fill=&#8221;true&#8221; collapsible_all=&#8221;true&#8221;][vc_tta_section title=&#8221;MONTSERRAT&#8221; tab_id=&#8221;1568671234349-b5267463-3298&#8243;][vc_column_text] The monastery of Santa Mar\u00eda de Montserrat is a Benedictine abbey located on the mountain of Montserrat, belonging to the region of Bages, province of Barcelona, at a height of 720 meters above sea level. Administratively it belongs to the municipality of Monistrol de Montserrat, [&hellip;]<\/p>\n","protected":false},"author":10,"featured_media":0,"parent":0,"menu_order":0,"comment_status":"closed","ping_status":"closed","template":"","meta":{"footnotes":""},"class_list":["post-1546","page","type-page","status-publish","hentry"],"aioseo_notices":[],"_links":{"self":[{"href":"https:\/\/noguecar.com\/en\/wp-json\/wp\/v2\/pages\/1546","targetHints":{"allow":["GET"]}}],"collection":[{"href":"https:\/\/noguecar.com\/en\/wp-json\/wp\/v2\/pages"}],"about":[{"href":"https:\/\/noguecar.com\/en\/wp-json\/wp\/v2\/types\/page"}],"author":[{"embeddable":true,"href":"https:\/\/noguecar.com\/en\/wp-json\/wp\/v2\/users\/10"}],"replies":[{"embeddable":true,"href":"https:\/\/noguecar.com\/en\/wp-json\/wp\/v2\/comments?post=1546"}],"version-history":[{"count":0,"href":"https:\/\/noguecar.com\/en\/wp-json\/wp\/v2\/pages\/1546\/revisions"}],"wp:attachment":[{"href":"https:\/\/noguecar.com\/en\/wp-json\/wp\/v2\/media?parent=1546"}],"curies":[{"name":"wp","href":"https:\/\/api.w.org\/{rel}","templated":true}]}}